{"id":21,"date":"2020-11-12T12:05:50","date_gmt":"2020-11-12T12:05:50","guid":{"rendered":"http:\/\/drdenizgunaydin.com\/?page_id=21"},"modified":"2021-02-10T22:02:09","modified_gmt":"2021-02-10T22:02:09","slug":"mesmerize","status":"publish","type":"page","link":"https:\/\/drdenizgunaydin.com\/","title":{"rendered":"Front Page"},"content":{"rendered":"<div  data-label=\"Overlappable\" data-id=\"overlappable--1\" data-export-id=\"overlappable-4\" data-category=\"overlappable\" class=\"overlappable-4 content-section content-section-spacing\" data-overlap=\"true\" id=\"overlappable-1\" style=\"background-color: rgb(255, 255, 255);\"><div  class=\"gridContainer\"> <div  data-type=\"row\" class=\"row spaced-cols text-center\"><div  class=\"col-xs-12 col-sm-4 col-padding\"> <a data-cp-link=\"1\" href=\"https:\/\/drdenizgunaydin.com\" target=\"_self\" rel=\"noopener noreferrer\" class=\"\"><i  class=\"fa icon shadow-large-black aligncenter color1 fa-location-arrow reverse round large\"><\/i><\/a> <div  data-type=\"column\" class=\"\"> <h5  class=\"\">Adres<\/h5> <p  class=\"\">Abdulaziz Mah. Misak-\u0131 Milli Sok. M\u00fcze Apt. 5\/6 Zafer (548,85 km)<\/p><\/div> <\/div> <div  class=\"col-xs-12 col-sm-4 col-padding\"> <a data-cp-link=\"1\" href=\"https:\/\/drdenizgunaydin.com\" target=\"_self\" rel=\"noopener noreferrer\" class=\"\"><i  class=\"fa icon shadow-large-black aligncenter color1 fa-phone reverse round large\"><\/i><\/a> <div  data-type=\"column\" class=\"\"><h5  class=\"\">Telefon<\/h5> <p  class=\"\">0531 332 85 57<\/p><\/div> <\/div> <div  class=\"col-xs-12 col-sm-4 col-padding\"> <a data-cp-link=\"1\" href=\"https:\/\/drdenizgunaydin.com\" target=\"_self\" rel=\"noopener noreferrer\" class=\"\"><i  class=\"fa icon shadow-large-black aligncenter color1 fa-envelope-o reverse round large\"><\/i><\/a> <div  data-type=\"column\" class=\"\"><h5  class=\"\">E-posta<\/h5> <p  class=\"\">drdenizgunaydin@gmail.com<\/p><\/div> <\/div><\/div> <\/div><\/div><div  id=\"features-10\" style=\"background-color: #f5fafd;\" data-label=\"Features\" data-id=\"features-16-card-bordered\" data-export-id=\"features-16-card-bordered\" data-category=\"features\" class=\"features-16-card-bordered content-section content-section-spacing\"><div  class=\"gridContainer\"> <div  class=\"row text-center\"><div  class=\"section-title-col\" data-type=\"column\"> <h2  class=\"\">\u00c7al\u0131\u015fma Alanlar\u0131<\/h2> <p  class=\"lead\">Ki\u015fi psikolojik destek almaya tek ba\u015f\u0131na gelebilece\u011fi gibi \u00e7al\u0131\u015fmak istedi\u011fi konuya ba\u011fl\u0131 olarak, e\u015fiyle, \u00e7ocu\u011fuyla, ailesiyle ya da ba\u015fka bir yak\u0131n\u0131yla birlikte de gelebilir.&nbsp;<\/p><\/div> <\/div> <div  class=\"row spaced-cols\" data-type=\"row\"> <div  class=\"col-xs-12 col-sm-6 col-md-4\"> <div  class=\"card no-padding bordered y-move\"> <img  class=\"face\" src=\"http:\/\/drdenizgunaydin.com\/wp-content\/uploads\/2021\/01\/cropped-pexels-cottonbro-4098357-scaled-1.jpg\" alt=\"\" title=\"cropped-pexels-cottonbro-4098357-scaled-1.jpg\"> <div  data-type=\"column\" class=\"col-padding-small col-padding-small-xs description-container\"> <h4  class=\"font-500\">Bireysel Terapi<\/h4> <p  class=\"\">Bireysel terapi bir bak\u0131ma ki\u015finin kendini, ihtiya\u00e7lar\u0131n\u0131, duygu ve d\u00fc\u015f\u00fcncelerini ke\u015ffetme s\u00fcrecidir. Bu s\u00fcre\u00e7te ona profesyonel bir dinleyici olan psikoterapis e\u015flik\u2026.<\/p><\/div> <div  data-type=\"column\" class=\"col-padding-small col-padding-small-xs read-more-container\"><a class=\"read-more\" href=\"https:\/\/drdenizgunaydin.com?page_id=250\" target=\"_self\" data-cp-link=\"1\" rel=\"noopener noreferrer\">devam\u0131n\u0131 oku<\/a><\/div> <\/div><\/div> <div  class=\"col-xs-12 col-sm-6 col-md-4\"><div  class=\"card no-padding bordered y-move\"> <a data-cp-link=\"1\" href=\"https:\/\/drdenizgunaydin.com?page_id=278\" target=\"_self\" rel=\"noopener noreferrer\" class=\"\"><img  class=\"face\" src=\"http:\/\/drdenizgunaydin.com\/wp-content\/uploads\/2021\/01\/cropped-pexels-cottonbro-4098218-scaled-1.jpg\" alt=\"\" title=\"kari koca mutluluk sirri\"><\/a> <div  data-type=\"column\" class=\"col-padding-small col-padding-small-xs description-container\"> <h4  class=\"font-500\">Cift Terapisi \/ Cinsel Terapi<\/h4> <p  class=\"\">\u00c7ift terapisinde ama\u00e7 e\u015flerin yak\u0131n ili\u015fkilerinde de\u011fi\u015fimi ve geli\u015fimi sa\u011flamakt\u0131r. E\u015fler \u00e7ift terapisine ili\u015fkilerinde yolunda gitmeyen durumlar \u2026<\/p><\/div> <div  data-type=\"column\" class=\"col-padding-small col-padding-small-xs read-more-container\"><a class=\"read-more\" href=\"https:\/\/drdenizgunaydin.com?page_id=278\" target=\"_self\" data-cp-link=\"1\" rel=\"noopener noreferrer\">devam\u0131n\u0131 oku<\/a><\/div> <\/div><\/div> <div  class=\"col-xs-12 col-sm-6 col-md-4\"><div  class=\"card no-padding bordered y-move\"> <a data-cp-link=\"1\" href=\"https:\/\/drdenizgunaydin.com?page_id=288\" target=\"_self\" rel=\"noopener noreferrer\" class=\"\"><img  class=\"face\" src=\"http:\/\/drdenizgunaydin.com\/wp-content\/uploads\/2021\/01\/cropped-pexels-victoria-borodinova-1648387-scaled-1.jpg\" alt=\"\" title=\"cropped-mutlu_aile.jpg\"><\/a> <div  data-type=\"column\" class=\"col-padding-small col-padding-small-xs description-container\"> <h4  class=\"font-500\">Aile Terapisi<\/h4> <p  class=\"\">Aile terapisinde aile i\u00e7inde ya\u015fanan zorlay\u0131c\u0131 durumlar, t\u00fcm aile \u00fcyeleriyle birlikte ya da konuyla ilgili aile bireyleriyle birlikte \u00e7al\u0131\u015f\u0131l\u0131r. Bu zorlay\u0131c\u0131 durumlar e\u015fler aras\u0131nda\u2026<\/p><\/div> <div  data-type=\"column\" class=\"col-padding-small col-padding-small-xs read-more-container\"><a class=\"read-more\" href=\"https:\/\/drdenizgunaydin.com?page_id=288\" target=\"_self\" data-cp-link=\"1\" rel=\"noopener noreferrer\">devam\u0131n\u0131 oku<\/a><\/div> <\/div><\/div> <div  class=\"col-xs-12 col-sm-6 col-md-4\"> <div  class=\"card no-padding bordered y-move\"> <a data-cp-link=\"1\" href=\"https:\/\/drdenizgunaydin.com?page_id=295\" target=\"_self\" rel=\"noopener noreferrer\" class=\"\"><img  class=\"face\" src=\"http:\/\/drdenizgunaydin.com\/wp-content\/uploads\/2021\/01\/cropped-pexels-cottonbro-4100661-1-scaled-1.jpg\" alt=\"\" title=\"mutlu_aile\"><\/a> <div  data-type=\"column\" class=\"col-padding-small col-padding-small-xs description-container\"> <h4  class=\"font-500\">\u00c7ocuk ve Ergen Terapisi<\/h4> <p  class=\"\">\u00c7ocuklar\u0131n ve ergenlerin d\u00fcnyay\u0131, olaylar\u0131 alg\u0131lama ve de\u011ferlendirme \u015fekilleri yeti\u015fkinlerden olduk\u00e7a farkl\u0131d\u0131r. Bu sebeple \u00e7ocuklarla ve ergenlerle \u00e7al\u0131\u015f\u0131rken\u2026<\/p><\/div> <div  data-type=\"column\" class=\"col-padding-small col-padding-small-xs read-more-container\"><a class=\"read-more\" href=\"https:\/\/drdenizgunaydin.com?page_id=295\" target=\"_self\" data-cp-link=\"1\" rel=\"noopener noreferrer\">devam\u0131n\u0131 oku<\/a><\/div> <\/div><\/div><div  class=\"col-xs-12 col-sm-6 col-md-4\"> <div  class=\"card no-padding bordered y-move\"> <a data-cp-link=\"1\" href=\"https:\/\/drdenizgunaydin.com?page_id=452\" target=\"_self\" rel=\"noopener\" class=\"\"><img  class=\"face\" src=\"http:\/\/drdenizgunaydin.com\/wp-content\/uploads\/2020\/12\/cropped-WhatsApp-Image-2020-12-17-at-11.52.54.jpeg\" alt=\"\" title=\"mutlu_aile\"><\/a> <div  data-type=\"column\" class=\"col-padding-small col-padding-small-xs description-container\"> <h4  class=\"font-500\">Oyun Terapisi<\/h4> <p  class=\"\">Oyun \u00e7ocuklar\u0131n kendini ifade etme, hayat\u0131 prova etme arac\u0131d\u0131r. Oyun terapisi s\u00fcrecinde \u00e7ocuk profesyonel bir oyun terapisti e\u015fli\u011finde oyun odas\u0131nda oyun\u2026<\/p><\/div> <div  data-type=\"column\" class=\"col-padding-small col-padding-small-xs read-more-container\"><a class=\"read-more\" href=\"https:\/\/drdenizgunaydin.com?page_id=452\" target=\"_self\" data-cp-link=\"1\" rel=\"noopener noreferrer\">devam\u0131n\u0131 oku<\/a><\/div> <\/div><\/div><\/div><\/div> <\/div><div  id=\"about-1\" style=\"background-color: #ffffff;\" data-label=\"About\" data-id=\"about-images-right-section-mc\" data-export-id=\"about-images-right-section-mc\" data-category=\"about\" class=\"about-images-right-section content-section content-section-spacing\"><div  class=\"gridContainer\"> <div  class=\"row middle-sm text-center\"><div  class=\"col-sm-5 content-left-sm\" data-type=\"column\"> <h5  class=\"\">Psikoterapist\/ Aile Terapisti\/ S\u00fcperviz\u00f6r<\/h5> <h2  class=\"\">Dr. Deniz G\u00fcnayd\u0131n, Sistemik Psikoterapi E\u011fitimlerinde E\u011fitmen Olarak G\u00f6rev Almaktad\u0131r&nbsp;<\/h2> <p  class=\"\">\u201cDr. Deniz G\u00fcnayd\u0131n Psikolojik Dan\u0131\u015fma &amp; E\u011fitim Motivasyon Merkezi\u201d Konya\u2019da Sistemik Psikoterapi&nbsp; Enstit\u00fcs\u00fc\u2019n\u00fcn temsilcili\u011fini y\u00fcr\u00fctmektedir. Dr. Deniz G\u00fcnayd\u0131n, Pr. Dr. Turan Akba\u015f ve Sistemik Psikoterapi Enstit\u00fcs\u00fc e\u011fitmenleriyle birlikte Sistemik Psikoterapi e\u011fitimlerinde e\u011fitmen olarak g\u00f6rev almaktad\u0131r ve bu s\u00fcre\u00e7te organize edilen e\u011fitimlerde alana bir \u00e7ok yeni psikoterapist kazand\u0131r\u0131lmaktad\u0131r.<\/p> <a class=\"link\" href=\"http:\/\/www.sistemikpsikoterapi.org.tr\" target=\"_self\" data-cp-link=\"1\" rel=\"noopener\">E\u011fitimler hakk\u0131nda detayl\u0131 bilgi i\u00e7in t\u0131klay\u0131n\u0131z<\/a><\/div> <div  class=\"col-sm-7 space-bottom-xs\"><div  class=\"image-group-side-3-img\"> <img  class=\"topimg shadow-large\" src=\"http:\/\/drdenizgunaydin.com\/wp-content\/uploads\/2020\/11\/Screenshot_20201113_154613.jpg\" alt=\"\" title=\"Screenshot_20201113_154613\"> <img  class=\"rightimg shadow-large\" src=\"http:\/\/drdenizgunaydin.com\/wp-content\/uploads\/2020\/11\/Screenshot_20201113_154542.jpg\" alt=\"\" title=\"Screenshot_20201113_154542\"> <div  class=\"leftimg\"> <a data-cp-link=\"1\" href=\"#\" target=\"_self\" rel=\"noopener noreferrer\"><img  class=\"shadow-large\" src=\"http:\/\/drdenizgunaydin.com\/wp-content\/uploads\/2020\/11\/Screenshot_20201113_154556.jpg\"><\/a><\/div> <\/div><\/div> <\/div><\/div> <\/div><div  data-label=\"About\" data-id=\"about--4\" data-export-id=\"about-9\" data-category=\"about\" class=\"about-9 content-section content-section-spacing\" id=\"about-5\" style=\"background-color: rgb(245, 250, 253);\"><div  class=\"gridContainer\"> <div  class=\"row middle-sm text-center\"><div  class=\"col-sm-5 space-bottom-xs content-column content-right-sm\" data-type=\"column\"> <h5  class=\"\">Akademisyen<\/h5> <h2  class=\"\">Dr. Deniz G\u00fcnayd\u0131n Psikoloji B\u00f6l\u00fcm\u00fc \u00d6\u011fretim \u00dcyesidir&nbsp;<\/h2> <p  class=\"\">Konya G\u0131da ve Tar\u0131m \u00dcniversitesi\u2019nde Psikoloji b\u00f6l\u00fcm\u00fcnde g\u00f6rev yapmaktad\u0131r.&nbsp;<\/p> <\/div> <div  class=\"col-sm-7 flexbox flexbox middle-xs center-xs space-bottom-xs\"><div  class=\"overlay-box flexbox middle-xs center-xs overlay-holder \"> <div  class=\"overlay-box-offset offset-background shadow-medium bg-color2 hide-xs\"><\/div> <img  class=\"flexbox shadow-large img1\" src=\"http:\/\/drdenizgunaydin.com\/wp-content\/uploads\/2020\/11\/cropped-uni.jpg\" data-size=\"600x400\" alt=\"\" title=\"cropped-uni.jpg\"><\/div> <\/div><\/div> <\/div><\/div><div  data-label=\"About\" data-id=\"about--2\" data-export-id=\"about-4\" data-category=\"about\" class=\"about-4 content-section content-section-spacing\" id=\"about-3\" style=\"background-color: rgb(245, 250, 253);\"><div  class=\"gridContainer\"> <div  class=\"row middle-sm text-center\"><div  class=\"col-sm-5 space-bottom-xs\" data-type=\"column\"> <h5  class=\"\">S\u00fcrekli Geli\u015fim&nbsp;<\/h5> <h2  class=\"\">Dr. Deniz G\u00fcnayd\u0131n Psikoloji ve Psikolojik Dan\u0131\u015fmanl\u0131k konulu e\u011fitim ve panellere kat\u0131lmaktad\u0131r<\/h2> <p  class=\"\">Psikoloji ve Psikolojik Dan\u0131\u015fmanl\u0131k konulu e\u011fitim ve panellere kat\u0131lan Dr Deniz G\u00fcnayd\u0131n &#8220;S\u0131n\u0131r \u00c7izme&#8221; , &#8220;\u015eema Terapi&#8221; gibi bir \u00e7ok konuda, bir \u00e7ok sunum yapm\u0131\u015ft\u0131r.<\/p> <\/div> <div  class=\"col-sm-7 flexbox center-xs middle-xs image-group-2-img\"> <img  class=\"img-1 shadow-large\" data-size=\"250x200\" src=\"http:\/\/drdenizgunaydin.com\/wp-content\/uploads\/2020\/11\/cropped-Screenshot_20201113_163511.jpg\" alt=\"\" title=\"cropped-Screenshot_20201113_163511.jpg\"> <img  class=\"img-2 shadow-large\" data-size=\"220x170\" src=\"http:\/\/drdenizgunaydin.com\/wp-content\/uploads\/2020\/11\/cropped-Screenshot_20201113_163602-1.jpg\" alt=\"\" title=\"cropped-Screenshot_20201113_163602-1.jpg\"><\/div> <\/div><\/div> <\/div><div  data-label=\"Portfolio\" data-id=\"portfolio--2\" data-export-id=\"portfolio-5\" data-category=\"portfolio\" class=\"portfolio-5 content-section content-section-spacing\" id=\"portfolio-2\" style=\"background-color: rgb(255, 255, 255);\"><div  class=\"gridContainer\"> <div  class=\"row text-center\"><div  class=\"section-title-col\" data-type=\"column\"> <h2  class=\"\">Videolar<\/h2> <p  class=\"lead\">Dr. Deniz G\u00fcnayd\u0131n\u2019\u0131n anlat\u0131m\u0131yla psikoloji i\u00e7erikli bir \u00e7ok konuda fikir sahibi olabilirsiniz.<\/p><\/div> <\/div> <div  class=\"row space-bottom spaced-cols\" data-type=\"row\"> <div  class=\"col-xs-12 col-sm-4 text-center\"> <div  class=\"card no-padding bordered\"> <div  data-hover-fx=\"portfolio-6\" class=\"contentswap-effect\"> <div  class=\"initial-image\"> <img  data-size=\"500x333\" src=\"http:\/\/drdenizgunaydin.com\/wp-content\/uploads\/2020\/12\/cropped-Screenshot_20201216_153410_com.huawei.himovie.overseas.jpg\"><\/div> <div  class=\"overlay bg-color6\"><\/div> <div  class=\"swap-inner col-xs-12\"> <div  class=\"row full-height-row middle-xs middle-sm\"> <div  class=\"col-xs-12 text-center content-holder\"> <a class=\"button small color2\" href=\"https:\/\/drdenizgunaydin.com?page_id=158(yeni%2Bsekmede%2Ba%C3%A7%C4%B1l%C4%B1r)\" target=\"_self\" data-cp-link=\"1\" rel=\"noopener noreferrer\">\u0130zle<\/a><\/div> <\/div><\/div> <\/div> <div  class=\"col-xs-12\"> <div  class=\"space-bottom space-top\" data-type=\"column\"> <h5  class=\"\">Pandemi D\u00f6neminde Panik Atak m\u0131 Oldum?<\/h5> <p  class=\"small italic\">Panik atak ya\u015fayaca\u011f\u0131m korkusu ya\u015fayaca\u011f\u0131m korkusu ya\u015famaya ba\u015flad\u0131ysak bu panik bozuklluktur.<\/p><\/div> <\/div><\/div> <\/div> <div  class=\"col-xs-12 col-sm-4 text-center\"> <div  class=\"card no-padding bordered\"> <div  data-hover-fx=\"portfolio-6\" class=\"contentswap-effect\"> <div  class=\"initial-image\"> <img  data-size=\"500x333\" src=\"http:\/\/drdenizgunaydin.com\/wp-content\/uploads\/2020\/12\/cropped-Screenshot_20201216_153220_com.huawei.himovie.overseas.jpg\"><\/div> <div  class=\"overlay bg-color6\"><\/div> <div  class=\"swap-inner col-xs-12\"> <div  class=\"row full-height-row middle-xs middle-sm\"> <div  class=\"col-xs-12 text-center content-holder\"> <a class=\"button small color2\" href=\"https:\/\/drdenizgunaydin.com?page_id=189(yeni%2Bsekmede%2Ba%C3%A7%C4%B1l%C4%B1r)\" target=\"_self\" data-cp-link=\"1\" rel=\"noopener noreferrer\">\u0130zle<\/a><\/div> <\/div><\/div> <\/div> <div  class=\"col-xs-12\"> <div  class=\"space-bottom space-top\" data-type=\"column\"> <h5  class=\"\">Pandemi D\u00f6neminde Neden Kayg\u0131 Ya\u015f\u0131yoruz?<\/h5> <p  class=\"small italic\">De\u011fi\u015ftiremeyece\u011fimiz fakt\u00f6rlere odakland\u0131\u011f\u0131m\u0131z takdirde kayg\u0131larla kar\u015f\u0131la\u015fmamam\u0131z m\u00fcmk\u00fcn de\u011fil.<\/p><\/div> <\/div><\/div> <\/div> <div  class=\"col-xs-12 col-sm-4 text-center\"> <div  class=\"card no-padding bordered\"> <div  data-hover-fx=\"portfolio-6\" class=\"contentswap-effect\"> <div  class=\"initial-image\"> <img  data-size=\"500x333\" src=\"http:\/\/drdenizgunaydin.com\/wp-content\/uploads\/2020\/12\/cropped-IMG-20201202-WA0006-1.jpg\"><\/div> <div  class=\"overlay bg-color6\"><\/div> <div  class=\"swap-inner col-xs-12\"> <div  class=\"row full-height-row middle-xs middle-sm\"> <div  class=\"col-xs-12 text-center content-holder\"> <a class=\"button small color2\" href=\"https:\/\/drdenizgunaydin.com?page_id=344\" target=\"_self\" data-cp-link=\"1\" rel=\"noopener noreferrer\">\u0130zle<\/a><\/div> <\/div><\/div> <\/div> <div  class=\"col-xs-12\"> <div  class=\"space-bottom space-top\" data-type=\"column\"> <h5  class=\"\">Ben de Covid-19 Oldum.<\/h5> <p  class=\"small italic\">Ben de Covid-19\u2019a yakaland\u0131m. \u0130yile\u015fip,&nbsp; karantina s\u00fcrem sona erince Tarkan Kaleli\u2019nin konu\u011fu oldum.<\/p><\/div> <\/div><\/div> <\/div><\/div> <div  class=\"row\"><div  data-type=\"column\" class=\"col-xs-12 text-center\"> <\/div> <\/div><\/div> <\/div><div  id=\"testimonials-5\" style=\"background-color: #f5fafd;\" data-label=\"Testimonials\" data-id=\"testimonials-5\" data-export-id=\"testimonials-5\" data-category=\"testimonials\" class=\"testimonials-5 content-section content-section-spacing\"><div  class=\"gridContainer\"> <div  class=\"row\"><div  data-type=\"column\" class=\"section-title-col\"> <h2  class=\"\">Al\u0131nt\u0131lar<\/h2> <p  class=\"lead\">\u2026<\/p><\/div> <\/div> <div  class=\"row spaced-cols content-center-sm\" data-type=\"row\"> <div  class=\"col-sm-4\"> <div  class=\"card y-move bordered\" data-type=\"column\"> <i  class=\"fa fa-quote-right icon color1 small quotation-icon\"><\/i> <p  class=\"text-center\">Yap\u0131m a\u015famas\u0131nda<\/p> <img  src=\"http:\/\/drdenizgunaydin.com\/wp-content\/uploads\/2020\/11\/drdeniz.jpg\" class=\"round icon\" alt=\"\" title=\"drdeniz\"> <h6  class=\"\">Dr. Deniz G\u00fcnayd\u0131n<\/h6> <p  class=\"small italic\">Psikolojik Dan\u0131\u015fman<\/p><\/div> <\/div> <div  class=\"col-sm-4\"> <div  class=\"card y-move bordered\" data-type=\"column\"> <i  class=\"fa fa-quote-right icon color1 small quotation-icon\"><\/i> <p  class=\"text-center\">Yap\u0131m a\u015famas\u0131nda<\/p> <img  src=\"http:\/\/drdenizgunaydin.com\/wp-content\/uploads\/2020\/11\/drdeniz.jpg\" class=\"round icon\" alt=\"\" title=\"drdeniz\"> <h6  class=\"\">Dr. Deniz G\u00fcnayd\u0131n<\/h6> <p  class=\"small italic\">Psikolojik Dan\u0131\u015fman<\/p><\/div> <\/div> <div  class=\"col-sm-4\"> <div  class=\"card y-move bordered\" data-type=\"column\"> <i  class=\"fa fa-quote-right icon color1 small quotation-icon\"><\/i> <p  class=\"text-center\">yap\u0131m a\u015famas\u0131nda<\/p> <img  src=\"http:\/\/drdenizgunaydin.com\/wp-content\/uploads\/2020\/11\/drdeniz.jpg\" class=\"round icon\" alt=\"\" title=\"drdeniz\"> <h6  class=\"\">Dr. Deniz G\u00fcnayd\u0131n<\/h6> <p  class=\"small italic\">Psikolojik Dan\u0131\u015fman<\/p><\/div> <\/div><\/div> <\/div><\/div><div  data-label=\"Cta\" data-id=\"cta--1\" data-export-id=\"cta-blue-section\" data-category=\"cta\" class=\"cta-blue-section content-section content-section-spacing-medium bg-color1 white-text\" id=\"cta-1\" style=\"background-color: rgb(255, 255, 255);\"><div  class=\"gridContainer\"> <div  class=\"row middle-xs\"><div  class=\"col-sm-8 space-bottom-xs\" data-type=\"column\"> <h2  class=\"\">Randevu i\u00e7in bize ula\u015f\u0131n.<\/h2> <\/div> <div  class=\"col-sm-4 end-sm\" data-type=\"column\"> <a class=\"button color2\" href=\"https:\/\/drdenizgunaydin.com?page_id=64\" target=\"_self\" data-cp-link=\"1\" rel=\"noopener\">0531 332 85 57<\/a><\/div> <\/div><\/div> <\/div>","protected":false},"excerpt":{"rendered":"<p>Adres Abdulaziz Mah. Misak-\u0131 Milli Sok. M\u00fcze Apt. 5\/6 Zafer (548,85 km) Telefon 0531 332 85 57 E-posta drdenizgunaydin@gmail.com \u00c7al\u0131\u015fma Alanlar\u0131 Ki\u015fi psikolojik destek almaya tek ba\u015f\u0131na gelebilece\u011fi gibi \u00e7al\u0131\u015fmak istedi\u011fi konuya ba\u011fl\u0131 olarak, e\u015fiyle, \u00e7ocu\u011fuyla, ailesiyle ya da ba\u015fka bir yak\u0131n\u0131yla birlikte de gelebilir.&nbsp; Bireysel Terapi Bireysel terapi bir bak\u0131ma ki\u015finin kendini, ihtiya\u00e7lar\u0131n\u0131, duygu&hellip; <br \/> <a class=\"read-more\" href=\"https:\/\/drdenizgunaydin.com\/\">Devam\u0131<\/a><\/p>\n","protected":false},"author":1,"featured_media":0,"parent":0,"menu_order":0,"comment_status":"closed","ping_status":"closed","template":"page-templates\/homepage.php","meta":[],"_links":{"self":[{"href":"https:\/\/drdenizgunaydin.com\/index.php?rest_route=\/wp\/v2\/pages\/21"}],"collection":[{"href":"https:\/\/drdenizgunaydin.com\/index.php?rest_route=\/wp\/v2\/pages"}],"about":[{"href":"https:\/\/drdenizgunaydin.com\/index.php?rest_route=\/wp\/v2\/types\/page"}],"author":[{"embeddable":true,"href":"https:\/\/drdenizgunaydin.com\/index.php?rest_route=\/wp\/v2\/users\/1"}],"replies":[{"embeddable":true,"href":"https:\/\/drdenizgunaydin.com\/index.php?rest_route=%2Fwp%2Fv2%2Fcomments&post=21"}],"version-history":[{"count":98,"href":"https:\/\/drdenizgunaydin.com\/index.php?rest_route=\/wp\/v2\/pages\/21\/revisions"}],"predecessor-version":[{"id":522,"href":"https:\/\/drdenizgunaydin.com\/index.php?rest_route=\/wp\/v2\/pages\/21\/revisions\/522"}],"wp:attachment":[{"href":"https:\/\/drdenizgunaydin.com\/index.php?rest_route=%2Fwp%2Fv2%2Fmedia&parent=21"}],"curies":[{"name":"wp","href":"https:\/\/api.w.org\/{rel}","templated":true}]}}