{"id":250,"date":"2020-12-16T09:45:36","date_gmt":"2020-12-16T09:45:36","guid":{"rendered":"http:\/\/drdenizgunaydin.com\/?page_id=250"},"modified":"2020-12-17T07:12:49","modified_gmt":"2020-12-17T07:12:49","slug":"bireysel-terapi","status":"publish","type":"page","link":"https:\/\/drdenizgunaydin.com\/?page_id=250","title":{"rendered":"Bireysel Terapi"},"content":{"rendered":"\n<p class=\"has-medium-font-size\">Bireysel terapi bir bak\u0131ma ki\u015finin kendini, ihtiya\u00e7lar\u0131n\u0131, duygu ve d\u00fc\u015f\u00fcncelerini ke\u015ffetme s\u00fcrecidir. Bu s\u00fcre\u00e7te ona profesyonel bir dinleyici olan psikoterapist e\u015flik eder. Psikoterapist sadece ki\u015fiyi dinleyip onunla dertle\u015fen biri de\u011fildir. Ki\u015fiyi anlay\u0131p dinlerken bir yandan da \u00e7\u00f6z\u00fcm aray\u0131\u015f\u0131nda ki\u015finin kendine uygun pencereler a\u00e7mas\u0131na profesyonel y\u00f6ntemleriyle katk\u0131da bulunur. Bu s\u00fcre\u00e7 terapiye gelen ki\u015fi i\u00e7in bir de\u011fi\u015fim ve g\u00fc\u00e7lenme s\u00fcrecidir. Ki\u015filerin bireysel terapiye ba\u015fvurma nedenleri genellikle \u015fu \u015fekildedir:<\/p>\n\n\n\n<ul><li>Depresyon<\/li><li>Anksiyete<\/li><li>Kayg\u0131 bozukluklar\u0131<\/li><li>\u0130leti\u015fim problemleri<\/li><li>\u00d6fke problemleri<\/li><li>Hayattan keyif alamama<\/li><li>\u0130li\u015fki problemleri<\/li><li>Ba\u011f\u0131ml\u0131l\u0131kla m\u00fccadele<\/li><li>Kariyer geli\u015fimi<\/li><li>\u00d6zg\u00fcven \u00f6zsayg\u0131 g\u00fc\u00e7lendirme<\/li><\/ul>\n","protected":false},"excerpt":{"rendered":"<p>Bireysel terapi bir bak\u0131ma ki\u015finin kendini, ihtiya\u00e7lar\u0131n\u0131, duygu ve d\u00fc\u015f\u00fcncelerini ke\u015ffetme s\u00fcrecidir. Bu s\u00fcre\u00e7te ona profesyonel bir dinleyici olan psikoterapist e\u015flik eder. Psikoterapist sadece ki\u015fiyi dinleyip onunla dertle\u015fen biri de\u011fildir. Ki\u015fiyi anlay\u0131p dinlerken bir yandan da \u00e7\u00f6z\u00fcm aray\u0131\u015f\u0131nda ki\u015finin kendine uygun pencereler a\u00e7mas\u0131na profesyonel y\u00f6ntemleriyle katk\u0131da bulunur. Bu s\u00fcre\u00e7 terapiye gelen ki\u015fi i\u00e7in bir de\u011fi\u015fim&hellip; <br \/> <a class=\"read-more\" href=\"https:\/\/drdenizgunaydin.com\/?page_id=250\">Devam\u0131<\/a><\/p>\n","protected":false},"author":1,"featured_media":0,"parent":0,"menu_order":0,"comment_status":"closed","ping_status":"closed","template":"","meta":[],"_links":{"self":[{"href":"https:\/\/drdenizgunaydin.com\/index.php?rest_route=\/wp\/v2\/pages\/250"}],"collection":[{"href":"https:\/\/drdenizgunaydin.com\/index.php?rest_route=\/wp\/v2\/pages"}],"about":[{"href":"https:\/\/drdenizgunaydin.com\/index.php?rest_route=\/wp\/v2\/types\/page"}],"author":[{"embeddable":true,"href":"https:\/\/drdenizgunaydin.com\/index.php?rest_route=\/wp\/v2\/users\/1"}],"replies":[{"embeddable":true,"href":"https:\/\/drdenizgunaydin.com\/index.php?rest_route=%2Fwp%2Fv2%2Fcomments&post=250"}],"version-history":[{"count":4,"href":"https:\/\/drdenizgunaydin.com\/index.php?rest_route=\/wp\/v2\/pages\/250\/revisions"}],"predecessor-version":[{"id":439,"href":"https:\/\/drdenizgunaydin.com\/index.php?rest_route=\/wp\/v2\/pages\/250\/revisions\/439"}],"wp:attachment":[{"href":"https:\/\/drdenizgunaydin.com\/index.php?rest_route=%2Fwp%2Fv2%2Fmedia&parent=250"}],"curies":[{"name":"wp","href":"https:\/\/api.w.org\/{rel}","templated":true}]}}