{"id":278,"date":"2020-12-16T10:50:49","date_gmt":"2020-12-16T10:50:49","guid":{"rendered":"http:\/\/drdenizgunaydin.com\/?page_id=278"},"modified":"2020-12-17T08:10:00","modified_gmt":"2020-12-17T08:10:00","slug":"cift-terapisi-cinsel-terapi","status":"publish","type":"page","link":"https:\/\/drdenizgunaydin.com\/?page_id=278","title":{"rendered":"\u00c7ift Terapisi \/ Cinsel Terapi"},"content":{"rendered":"\n<p class=\"has-medium-font-size\">\u00c7ift terapisinde ama\u00e7 e\u015flerin yak\u0131n ili\u015fkilerinde de\u011fi\u015fimi ve geli\u015fimi sa\u011flamakt\u0131r. E\u015fler \u00e7ift terapisine ili\u015fkilerinde yolunda gitmeyen durumlar oldu\u011funda gelebildikleri gibi, bu terapi y\u00f6nteminden ili\u015fkilerini  g\u00fc\u00e7lendirmek i\u00e7in de faydalanabilirler. \u00c7ift terapisine ba\u015fvuru nedenleri genellikle \u015fu \u015fekildedir:<\/p>\n\n\n\n<ul><li>Bo\u015fanma ya da evlili\u011fi s\u00fcrd\u00fcrme konusunda karars\u0131zl\u0131k<\/li><li>Aldatma<\/li><li>\u0130leti\u015fim problemleri<\/li><li>E\u015flerin k\u00f6ken aileleriyle ilgili ileti\u015fim problemleri<\/li><li>Sorumluluk Payla\u015f\u0131m\u0131<\/li><li>Travmalar<\/li><li>\u0130stismar, ihmal<\/li><li>\u015eiddet<\/li><li>Do\u011fru e\u015f se\u00e7imi<\/li><\/ul>\n\n\n\n<p><\/p>\n\n\n\n<p class=\"has-medium-font-size\">\u0130li\u015fkilerin \u00e7ok y\u00f6nl\u00fc bir \u015fekilde ele al\u0131nd\u0131\u011f\u0131 bu terapi \u015feklinde e\u011fer ihtiya\u00e7 g\u00f6r\u00fcl\u00fcrse ve e\u015fler de isteklilerse cinsel terapi de uygulan\u0131r. Cinsel terapide \u00e7iftlerle birlikte \u00e7al\u0131\u015f\u0131l\u0131rken, ihtiya\u00e7 halinde ayr\u0131 ayr\u0131 da \u00e7al\u0131\u015f\u0131labilmektedir. Ayr\u0131ca partneri olmayan ki\u015filer de cinsel terapiden faydalanabilirler. Cinsel terapi i\u00e7in ba\u015fvuru sebepleri genellikle \u015fu \u015fekilde olmaktad\u0131r:<\/p>\n\n\n\n<ul><li>Vajinismus<\/li><li>Erken bo\u015falma<\/li><li>Ge\u00e7 bo\u015falma<\/li><li> Ereksiyon olamama<\/li><li>Ereksiyonu s\u00fcrd\u00fcrememe<\/li><li>A\u011fr\u0131l\u0131 cinsel ili\u015fki<\/li><li>Cinsel isteksizlik<\/li><li>Uyar\u0131lma bozuklu\u011fu<\/li><li>Orgazm olamama<\/li><\/ul>\n\n\n\n<p><\/p>\n","protected":false},"excerpt":{"rendered":"<p>\u00c7ift terapisinde ama\u00e7 e\u015flerin yak\u0131n ili\u015fkilerinde de\u011fi\u015fimi ve geli\u015fimi sa\u011flamakt\u0131r. E\u015fler \u00e7ift terapisine ili\u015fkilerinde yolunda gitmeyen durumlar oldu\u011funda gelebildikleri gibi, bu terapi y\u00f6nteminden ili\u015fkilerini g\u00fc\u00e7lendirmek i\u00e7in de faydalanabilirler. \u00c7ift terapisine ba\u015fvuru nedenleri genellikle \u015fu \u015fekildedir: Bo\u015fanma ya da evlili\u011fi s\u00fcrd\u00fcrme konusunda karars\u0131zl\u0131k Aldatma \u0130leti\u015fim problemleri E\u015flerin k\u00f6ken aileleriyle ilgili ileti\u015fim problemleri Sorumluluk Payla\u015f\u0131m\u0131 Travmalar \u0130stismar,&hellip; <br \/> <a class=\"read-more\" href=\"https:\/\/drdenizgunaydin.com\/?page_id=278\">Devam\u0131<\/a><\/p>\n","protected":false},"author":1,"featured_media":0,"parent":0,"menu_order":0,"comment_status":"closed","ping_status":"closed","template":"page-templates\/page-with-right-sidebar.php","meta":[],"_links":{"self":[{"href":"https:\/\/drdenizgunaydin.com\/index.php?rest_route=\/wp\/v2\/pages\/278"}],"collection":[{"href":"https:\/\/drdenizgunaydin.com\/index.php?rest_route=\/wp\/v2\/pages"}],"about":[{"href":"https:\/\/drdenizgunaydin.com\/index.php?rest_route=\/wp\/v2\/types\/page"}],"author":[{"embeddable":true,"href":"https:\/\/drdenizgunaydin.com\/index.php?rest_route=\/wp\/v2\/users\/1"}],"replies":[{"embeddable":true,"href":"https:\/\/drdenizgunaydin.com\/index.php?rest_route=%2Fwp%2Fv2%2Fcomments&post=278"}],"version-history":[{"count":7,"href":"https:\/\/drdenizgunaydin.com\/index.php?rest_route=\/wp\/v2\/pages\/278\/revisions"}],"predecessor-version":[{"id":449,"href":"https:\/\/drdenizgunaydin.com\/index.php?rest_route=\/wp\/v2\/pages\/278\/revisions\/449"}],"wp:attachment":[{"href":"https:\/\/drdenizgunaydin.com\/index.php?rest_route=%2Fwp%2Fv2%2Fmedia&parent=278"}],"curies":[{"name":"wp","href":"https:\/\/api.w.org\/{rel}","templated":true}]}}