{"id":288,"date":"2020-12-16T11:30:10","date_gmt":"2020-12-16T11:30:10","guid":{"rendered":"http:\/\/drdenizgunaydin.com\/?page_id=288"},"modified":"2020-12-17T07:34:08","modified_gmt":"2020-12-17T07:34:08","slug":"aile-terapisi","status":"publish","type":"page","link":"https:\/\/drdenizgunaydin.com\/?page_id=288","title":{"rendered":"Aile Terapisi"},"content":{"rendered":"\n<p class=\"has-medium-font-size\">Aile terapisinde aile i\u00e7inde ya\u015fanan zorlay\u0131c\u0131 durumlar, t\u00fcm aile \u00fcyeleriyle birlikte ya da konuyla ilgili aile bireyleriyle birlikte \u00e7al\u0131\u015f\u0131l\u0131r. Bu zorlay\u0131c\u0131 durumlar e\u015fler aras\u0131nda olup \u00e7ocuklar\u0131 etkileyebildi\u011fi gibi ebeveynlerle \u00e7ocuklar aras\u0131nda, ya da \u00e7ocuklar\u0131n kendi aralar\u0131nda da olabilmektedir. Aile bir b\u00fct\u00fcn olarak ele al\u0131n\u0131rken bir yandan da t\u00fcm aile bireylerinin ihtiya\u00e7lar\u0131 ayr\u0131 ayr\u0131 de\u011ferlendirilir. Bu s\u00fcre\u00e7 bir b\u00fct\u00fcn olan aile sisteminin, daha iyi ve daha g\u00fczele ula\u015fmak i\u00e7in ya\u015fad\u0131\u011f\u0131 bir de\u011fi\u015fim ve geli\u015fim s\u00fcrecidir. Aile terapisi s\u00fcrecinde aile kendi kurallar\u0131n\u0131 tekrar g\u00f6zden ge\u00e7irir ve her aile kendi sistemine en uygun olan \u00e7\u00f6z\u00fcme ula\u015f\u0131r. Ailede meydana gelen bu de\u011fi\u015fim ve geli\u015fim her bir aile bireyini kendi hayatlar\u0131nda da daha yukar\u0131ya ta\u015f\u0131maktad\u0131r. Nitekim aile ya\u015fant\u0131m\u0131z hayat\u0131m\u0131zda b\u00fcy\u00fck bir yer kaplar.  Aile i\u00e7inde ya\u015fad\u0131\u011f\u0131m\u0131z sorunlar\u0131m\u0131z\u0131 \u00e7\u00f6zmeden, di\u011fer ya\u015fam g\u00f6revlerimizle motive bir \u015fekilde ilgilenmemiz zorla\u015fmaktad\u0131r. Bu sebeple aile terapisi t\u00fcm aile bireylerinin faydas\u0131na olmaktad\u0131r. Aile terapisine ba\u015fvuru sebepleri genellikle \u015fu \u015fekildedir: <\/p>\n\n\n\n<ul><li>Aile i\u00e7i ileti\u015fim problemleri<\/li><li>Anne-baba anne-\u00e7ocuk baba-\u00e7ocuk \u00e7at\u0131\u015fmalar\u0131<\/li><li>Evlat edinme<\/li><li>Travmalar<\/li><li>\u0130\u015f stresinin aileye yans\u0131mas\u0131<\/li><li>\u00d6fke problemleri<\/li><li>\u015eiddet<\/li><li>Ba\u011f\u0131ml\u0131l\u0131klar<\/li><li>Bo\u015fanma<\/li><li>Aldatma<\/li><\/ul>\n\n\n\n<p><\/p>\n","protected":false},"excerpt":{"rendered":"<p>Aile terapisinde aile i\u00e7inde ya\u015fanan zorlay\u0131c\u0131 durumlar, t\u00fcm aile \u00fcyeleriyle birlikte ya da konuyla ilgili aile bireyleriyle birlikte \u00e7al\u0131\u015f\u0131l\u0131r. Bu zorlay\u0131c\u0131 durumlar e\u015fler aras\u0131nda olup \u00e7ocuklar\u0131 etkileyebildi\u011fi gibi ebeveynlerle \u00e7ocuklar aras\u0131nda, ya da \u00e7ocuklar\u0131n kendi aralar\u0131nda da olabilmektedir. Aile bir b\u00fct\u00fcn olarak ele al\u0131n\u0131rken bir yandan da t\u00fcm aile bireylerinin ihtiya\u00e7lar\u0131 ayr\u0131 ayr\u0131 de\u011ferlendirilir. Bu&hellip; <br \/> <a class=\"read-more\" href=\"https:\/\/drdenizgunaydin.com\/?page_id=288\">Devam\u0131<\/a><\/p>\n","protected":false},"author":1,"featured_media":0,"parent":0,"menu_order":0,"comment_status":"closed","ping_status":"closed","template":"","meta":[],"_links":{"self":[{"href":"https:\/\/drdenizgunaydin.com\/index.php?rest_route=\/wp\/v2\/pages\/288"}],"collection":[{"href":"https:\/\/drdenizgunaydin.com\/index.php?rest_route=\/wp\/v2\/pages"}],"about":[{"href":"https:\/\/drdenizgunaydin.com\/index.php?rest_route=\/wp\/v2\/types\/page"}],"author":[{"embeddable":true,"href":"https:\/\/drdenizgunaydin.com\/index.php?rest_route=\/wp\/v2\/users\/1"}],"replies":[{"embeddable":true,"href":"https:\/\/drdenizgunaydin.com\/index.php?rest_route=%2Fwp%2Fv2%2Fcomments&post=288"}],"version-history":[{"count":4,"href":"https:\/\/drdenizgunaydin.com\/index.php?rest_route=\/wp\/v2\/pages\/288\/revisions"}],"predecessor-version":[{"id":445,"href":"https:\/\/drdenizgunaydin.com\/index.php?rest_route=\/wp\/v2\/pages\/288\/revisions\/445"}],"wp:attachment":[{"href":"https:\/\/drdenizgunaydin.com\/index.php?rest_route=%2Fwp%2Fv2%2Fmedia&parent=288"}],"curies":[{"name":"wp","href":"https:\/\/api.w.org\/{rel}","templated":true}]}}