{"id":452,"date":"2020-12-17T08:49:11","date_gmt":"2020-12-17T08:49:11","guid":{"rendered":"http:\/\/drdenizgunaydin.com\/?page_id=452"},"modified":"2020-12-17T08:49:11","modified_gmt":"2020-12-17T08:49:11","slug":"oyun-terapisi","status":"publish","type":"page","link":"https:\/\/drdenizgunaydin.com\/?page_id=452","title":{"rendered":"Oyun Terapisi"},"content":{"rendered":"\n<p>Oyun \u00e7ocuklar\u0131n kendini ifade etme, hayat\u0131 prova etme arac\u0131d\u0131r. Oyun terapisi s\u00fcrecinde \u00e7ocuk profesyonel bir oyun terapisti e\u015fli\u011finde oyun odas\u0131nda oyun oynar. Oyun odas\u0131nda 3 temel grup oyuncak vard\u0131r. Bunlar yarat\u0131c\u0131l\u0131\u011f\u0131 destekleyici oyuncaklar, g\u00fcnl\u00fck hayat\u0131 kapsayan oyuncaklar ve \u015fiddet i\u00e7erikli oyuncaklard\u0131r. \u00c7ocu\u011fun bu oyuncak gruplar\u0131ndan hangisini se\u00e7ti\u011fi, nas\u0131l oynad\u0131\u011f\u0131, oyun kurup kuramad\u0131\u011f\u0131, terapisti oyuna davet edip edemedi\u011fi terapist taraf\u0131ndan g\u00f6zlemlenir. Terapist yans\u0131t\u0131c\u0131 c\u00fcmlelerle \u00e7ocu\u011fun a\u00e7\u0131\u011fa \u00e7\u0131kard\u0131\u011f\u0131 duygular\u0131 tan\u0131mlamas\u0131n\u0131, adland\u0131rmas\u0131n\u0131 ve ifade etmesini destekler. Bu s\u00fcre\u00e7te terapist \u00e7ocu\u011fun ihtiyac\u0131na g\u00f6re kulland\u0131\u011f\u0131 y\u00f6ntemlerle problem \u00e7\u00f6zme s\u00fcrecinde \u00e7ocu\u011fa e\u015flik eder ve aileyle i\u015f birli\u011fi yapar. Oyun terapisi 3 &#8211; 13 ya\u015f aras\u0131 \u00e7ocuklara uygulan\u0131r.<\/p>\n\n\n\n<p><\/p>\n","protected":false},"excerpt":{"rendered":"<p>Oyun \u00e7ocuklar\u0131n kendini ifade etme, hayat\u0131 prova etme arac\u0131d\u0131r. Oyun terapisi s\u00fcrecinde \u00e7ocuk profesyonel bir oyun terapisti e\u015fli\u011finde oyun odas\u0131nda oyun oynar. Oyun odas\u0131nda 3 temel grup oyuncak vard\u0131r. Bunlar yarat\u0131c\u0131l\u0131\u011f\u0131 destekleyici oyuncaklar, g\u00fcnl\u00fck hayat\u0131 kapsayan oyuncaklar ve \u015fiddet i\u00e7erikli oyuncaklard\u0131r. \u00c7ocu\u011fun bu oyuncak gruplar\u0131ndan hangisini se\u00e7ti\u011fi, nas\u0131l oynad\u0131\u011f\u0131, oyun kurup kuramad\u0131\u011f\u0131, terapisti oyuna davet&hellip; <br \/> <a class=\"read-more\" href=\"https:\/\/drdenizgunaydin.com\/?page_id=452\">Devam\u0131<\/a><\/p>\n","protected":false},"author":1,"featured_media":0,"parent":0,"menu_order":0,"comment_status":"closed","ping_status":"closed","template":"","meta":[],"_links":{"self":[{"href":"https:\/\/drdenizgunaydin.com\/index.php?rest_route=\/wp\/v2\/pages\/452"}],"collection":[{"href":"https:\/\/drdenizgunaydin.com\/index.php?rest_route=\/wp\/v2\/pages"}],"about":[{"href":"https:\/\/drdenizgunaydin.com\/index.php?rest_route=\/wp\/v2\/types\/page"}],"author":[{"embeddable":true,"href":"https:\/\/drdenizgunaydin.com\/index.php?rest_route=\/wp\/v2\/users\/1"}],"replies":[{"embeddable":true,"href":"https:\/\/drdenizgunaydin.com\/index.php?rest_route=%2Fwp%2Fv2%2Fcomments&post=452"}],"version-history":[{"count":1,"href":"https:\/\/drdenizgunaydin.com\/index.php?rest_route=\/wp\/v2\/pages\/452\/revisions"}],"predecessor-version":[{"id":453,"href":"https:\/\/drdenizgunaydin.com\/index.php?rest_route=\/wp\/v2\/pages\/452\/revisions\/453"}],"wp:attachment":[{"href":"https:\/\/drdenizgunaydin.com\/index.php?rest_route=%2Fwp%2Fv2%2Fmedia&parent=452"}],"curies":[{"name":"wp","href":"https:\/\/api.w.org\/{rel}","templated":true}]}}