{"id":63,"date":"2020-11-13T11:08:12","date_gmt":"2020-11-13T11:08:12","guid":{"rendered":"http:\/\/drdenizgunaydin.com\/?page_id=63"},"modified":"2021-02-10T20:24:06","modified_gmt":"2021-02-10T20:24:06","slug":"calisma-alani","status":"publish","type":"page","link":"https:\/\/drdenizgunaydin.com\/?page_id=63","title":{"rendered":"\u00c7al\u0131\u015fma Alan\u0131"},"content":{"rendered":"\n<p>Sistemik Aile Terapisi, Sistemik \u00c7ocuk ve Ergen Terapisi, Sistemik \u00c7ift Terapisi, Sistemik  Cinsel Terapi<\/p>\n\n\n\n<p>Bili\u015fsel Davran\u0131\u015f\u00e7\u0131 Terapi<\/p>\n\n\n\n<p>Rasyonel Emotif Terapi<\/p>\n\n\n\n<p>\u015eema Terapi<\/p>\n\n\n\n<p><\/p>\n","protected":false},"excerpt":{"rendered":"<p>Sistemik Aile Terapisi, Sistemik \u00c7ocuk ve Ergen Terapisi, Sistemik \u00c7ift Terapisi, Sistemik Cinsel Terapi Bili\u015fsel Davran\u0131\u015f\u00e7\u0131 Terapi Rasyonel Emotif Terapi \u015eema Terapi<\/p>\n","protected":false},"author":1,"featured_media":0,"parent":0,"menu_order":0,"comment_status":"closed","ping_status":"closed","template":"","meta":[],"_links":{"self":[{"href":"https:\/\/drdenizgunaydin.com\/index.php?rest_route=\/wp\/v2\/pages\/63"}],"collection":[{"href":"https:\/\/drdenizgunaydin.com\/index.php?rest_route=\/wp\/v2\/pages"}],"about":[{"href":"https:\/\/drdenizgunaydin.com\/index.php?rest_route=\/wp\/v2\/types\/page"}],"author":[{"embeddable":true,"href":"https:\/\/drdenizgunaydin.com\/index.php?rest_route=\/wp\/v2\/users\/1"}],"replies":[{"embeddable":true,"href":"https:\/\/drdenizgunaydin.com\/index.php?rest_route=%2Fwp%2Fv2%2Fcomments&post=63"}],"version-history":[{"count":3,"href":"https:\/\/drdenizgunaydin.com\/index.php?rest_route=\/wp\/v2\/pages\/63\/revisions"}],"predecessor-version":[{"id":520,"href":"https:\/\/drdenizgunaydin.com\/index.php?rest_route=\/wp\/v2\/pages\/63\/revisions\/520"}],"wp:attachment":[{"href":"https:\/\/drdenizgunaydin.com\/index.php?rest_route=%2Fwp%2Fv2%2Fmedia&parent=63"}],"curies":[{"name":"wp","href":"https:\/\/api.w.org\/{rel}","templated":true}]}}